{"id":1344,"date":"2022-03-31T12:42:10","date_gmt":"2022-03-31T10:42:10","guid":{"rendered":"https:\/\/www.synkzone.com\/?page_id=1344"},"modified":"2025-05-11T17:29:14","modified_gmt":"2025-05-11T15:29:14","slug":"end-to-end-encryption","status":"publish","type":"page","link":"https:\/\/www.synkzone.com\/en\/the-offer\/end-to-end-encryption\/","title":{"rendered":"End-to-end encryption"},"content":{"rendered":"\n\n\t<section class=\"section dark has-parallax has-scroll-for-more\" id=\"section_560361121\">\n\t\t<div class=\"section-bg fill\" data-parallax-container=\".section\" data-parallax-background data-parallax=\"-3\">\n\t\t\t<img loading=\"lazy\" decoding=\"async\" width=\"1740\" height=\"1160\" src=\"https:\/\/www.synkzone.com\/wp-content\/uploads\/2022\/02\/photo-1603651305184-4605c31cfe0e.webp\" class=\"bg attachment-original size-original\" alt=\"\" \/>\t\t\t\t\t\t<div class=\"section-bg-overlay absolute fill\"><\/div><button class=\"scroll-for-more z-5 icon absolute bottom h-center\" aria-label=\"Scroll for more\"><i class=\"icon-angle-down\" aria-hidden=\"true\" style=\"font-size:42px;\"><\/i><\/button>\n\t\t\t\n\n\t\t<\/div>\n\n\t\t\n\n\t\t<div class=\"section-content relative\">\n\t\t\t\n\n<div class=\"row align-middle align-center\"  id=\"row-523933827\">\n\n\n\t<div id=\"col-1830820361\" class=\"col medium-10 small-12 large-7\"  >\n\t\t\t\t<div class=\"col-inner text-left\"  >\n\t\t\t\n\t\t\t\n\n\t<div id=\"text-295698834\" class=\"text\">\n\t\t\n\n<h1>End-to-end encryption<\/h1>\n\t\t\n<style>\n#text-295698834 {\n  font-size: 1.25rem;\n  text-align: center;\n}\n@media (min-width:550px) {\n  #text-295698834 {\n    font-size: 1.6rem;\n  }\n}\n@media (min-width:850px) {\n  #text-295698834 {\n    font-size: 2.25rem;\n  }\n}\n<\/style>\n\t<\/div>\n\t\n\t<div id=\"text-366703008\" class=\"text\">\n\t\t\n\n<p>An important part of secure cloud storage<\/p>\n\t\t\n<style>\n#text-366703008 {\n  font-size: 1rem;\n  text-align: center;\n}\n@media (min-width:550px) {\n  #text-366703008 {\n    font-size: 1.2rem;\n  }\n}\n@media (min-width:850px) {\n  #text-366703008 {\n    font-size: 1.6rem;\n  }\n}\n<\/style>\n\t<\/div>\n\t\n\n\t\t<\/div>\n\t\t\t\t\t<\/div>\n\n\t\n\n<\/div>\n\n\t\t<\/div>\n\n\t\t\n<style>\n#section_560361121 {\n  padding-top: 0px;\n  padding-bottom: 0px;\n  min-height: 80vh;\n}\n#section_560361121 .section-bg-overlay {\n  background-color: rgba(0, 0, 0, 0.7);\n}\n#section_560361121 .section-bg img {\n  object-position: 27% 46%;\n}\n@media (min-width:550px) {\n  #section_560361121 {\n    padding-top: 32px;\n    padding-bottom: 32px;\n    min-height: 58vh;\n  }\n  #section_560361121 .section-bg-overlay {\n    background-color: rgba(0, 0, 0, 0.7);\n  }\n}\n<\/style>\n\t<\/section>\n\t\n\n  <div class=\"banner has-hover is-full-height show-for-medium hide-for-small\" id=\"banner-1447871744\">\n          <div class=\"banner-inner fill\">\n        <div class=\"banner-bg fill\" >\n            <img loading=\"lazy\" decoding=\"async\" width=\"1020\" height=\"679\" src=\"https:\/\/www.synkzone.com\/wp-content\/uploads\/2020\/05\/Synkzone-end-to-end-encryption-web-2048x1365-1-1030x686.jpg\" class=\"bg attachment-large size-large\" alt=\"End-to-end-kryptering \u00e4r en av grundstenarna f\u00f6r att lyckas med datas\u00e4kerheten zero knowledge. Synkzone jobbar med end-to-end-kryptering i sin molntj\u00e4nstlagring och fildelning.\" \/>                        <div class=\"overlay\"><\/div>            \n                    <\/div>\n\t\t\n        <div class=\"banner-layers container\">\n            <div class=\"fill banner-link\"><\/div>            \n\n   <div id=\"text-box-162949900\" class=\"text-box banner-layer x50 md-x50 lg-x50 y100 md-y50 lg-y30 res-text\">\n                                <div class=\"text-box-content text \">\n              \n              <div class=\"text-inner text-center\">\n                  \n\n\t<div id=\"gap-576612766\" class=\"gap-element clearfix\" style=\"display:block; height:auto;\">\n\t\t\n<style>\n#gap-576612766 {\n  padding-top: 30px;\n}\n<\/style>\n\t<\/div>\n\t\n\n<h2 class=\"uppercase\"><span style=\"color: #ffffff; font-size: 100%;\"><b>END-TO-END ENCRYPTION<\/b><\/span><\/h2>\n\t<div id=\"gap-1065064285\" class=\"gap-element clearfix\" style=\"display:block; height:auto;\">\n\t\t\n<style>\n#gap-1065064285 {\n  padding-top: 10px;\n}\n<\/style>\n\t<\/div>\n\t\n\n<div class=\"is-divider divider clearfix\" style=\"max-width:100px;background-color:rgba(235, 171, 67, 0.65);\"><\/div>\n\n<h2><span style=\"font-size: 75%;\" data-text-color=\"success\">An important part of secure cloud storage<\/span><\/h2>\n\n              <\/div>\n           <\/div>\n                            \n<style>\n#text-box-162949900 {\n  width: 70%;\n}\n#text-box-162949900 .text-box-content {\n  font-size: 112%;\n}\n@media (min-width:550px) {\n  #text-box-162949900 {\n    width: 100%;\n  }\n}\n<\/style>\n    <\/div>\n \n   <div id=\"text-box-1234462821\" class=\"text-box banner-layer hidden x50 md-x50 lg-x50 y95 md-y95 lg-y75 res-text\">\n                                <div class=\"text-box-content text \">\n              \n              <div class=\"text-inner text-center\">\n                  \n\n<a class=\"button secondary is-outline is-large\" >\n\t\t<span>BEST\u00c4LL NU<\/span>\n\t<\/a>\n\n\n\t<div id=\"gap-1626842906\" class=\"gap-element clearfix\" style=\"display:block; height:auto;\">\n\t\t\n<style>\n#gap-1626842906 {\n  padding-top: 10px;\n}\n<\/style>\n\t<\/div>\n\t\n\n\n              <\/div>\n           <\/div>\n                            \n<style>\n#text-box-1234462821 {\n  width: 70%;\n}\n#text-box-1234462821 .text-box-content {\n  font-size: 112%;\n}\n@media (min-width:550px) {\n  #text-box-1234462821 {\n    width: 100%;\n  }\n}\n<\/style>\n    <\/div>\n \n\n        <\/div>\n      <\/div>\n\n            \n<style>\n#banner-1447871744 {\n  padding-top: 500px;\n}\n#banner-1447871744 .overlay {\n  background-color: rgba(0, 0, 0, 0.4);\n}\n#banner-1447871744 .banner-bg img {\n  object-position: 0% 41%;\n}\n@media (min-width:550px) {\n  #banner-1447871744 {\n    padding-top: 56.25%;\n  }\n}\n@media (min-width:850px) {\n  #banner-1447871744 {\n    padding-top: 100%;\n  }\n}\n<\/style>\n  <\/div>\n\n\n\n  <div class=\"banner has-hover is-full-height show-for-small\" id=\"banner-1615130315\">\n          <div class=\"banner-inner fill\">\n        <div class=\"banner-bg fill\" >\n            <img loading=\"lazy\" decoding=\"async\" width=\"300\" height=\"200\" src=\"https:\/\/www.synkzone.com\/wp-content\/uploads\/2020\/05\/Synkzone-end-to-end-encryption-web-2048x1365-1-300x200.jpg\" class=\"bg attachment-medium size-medium\" alt=\"End-to-end-kryptering \u00e4r en av grundstenarna f\u00f6r att lyckas med datas\u00e4kerheten zero knowledge. Synkzone jobbar med end-to-end-kryptering i sin molntj\u00e4nstlagring och fildelning.\" \/>                        <div class=\"overlay\"><\/div>            \n                    <\/div>\n\t\t\n        <div class=\"banner-layers container\">\n            <div class=\"fill banner-link\"><\/div>            \n\n   <div id=\"text-box-894459838\" class=\"text-box banner-layer x50 md-x50 lg-x50 y50 md-y30 lg-y30 res-text\">\n                                <div class=\"text-box-content text \">\n              \n              <div class=\"text-inner text-center\">\n                  \n\n\t<div id=\"gap-1000739678\" class=\"gap-element clearfix\" style=\"display:block; height:auto;\">\n\t\t\n<style>\n#gap-1000739678 {\n  padding-top: 30px;\n}\n<\/style>\n\t<\/div>\n\t\n\n<h2 class=\"uppercase\"><span style=\"color: #ffffff; font-size: 120%;\"><b>END-TO-END ENCRYPTION<\/b><\/span><\/h2>\n\t<div id=\"gap-2136168555\" class=\"gap-element clearfix\" style=\"display:block; height:auto;\">\n\t\t\n<style>\n#gap-2136168555 {\n  padding-top: 10px;\n}\n<\/style>\n\t<\/div>\n\t\n\n<div class=\"is-divider divider clearfix\" style=\"max-width:100px;background-color:rgba(235, 171, 67, 0.65);\"><\/div>\n\n<h2><span style=\"font-size: 90%;\" data-text-color=\"success\">An important part of secure cloud storage<\/span><\/h2>\n\n              <\/div>\n           <\/div>\n                            \n<style>\n#text-box-894459838 {\n  width: 100%;\n}\n#text-box-894459838 .text-box-content {\n  font-size: 86%;\n}\n@media (min-width:550px) {\n  #text-box-894459838 {\n    width: 100%;\n  }\n  #text-box-894459838 .text-box-content {\n    font-size: 112%;\n  }\n}\n<\/style>\n    <\/div>\n \n   <div id=\"text-box-1367971698\" class=\"text-box banner-layer hidden x50 md-x50 lg-x50 y100 md-y75 lg-y75 res-text\">\n                                <div class=\"text-box-content text \">\n              \n              <div class=\"text-inner text-center\">\n                  \n\n<a class=\"button secondary is-outline is-large\" >\n\t\t<span>BEST\u00c4LL H\u00c4R<\/span>\n\t<\/a>\n\n\n\t<div id=\"gap-1148179987\" class=\"gap-element clearfix\" style=\"display:block; height:auto;\">\n\t\t\n<style>\n#gap-1148179987 {\n  padding-top: 10px;\n}\n<\/style>\n\t<\/div>\n\t\n\n\n              <\/div>\n           <\/div>\n                            \n<style>\n#text-box-1367971698 {\n  width: 70%;\n}\n#text-box-1367971698 .text-box-content {\n  font-size: 112%;\n}\n@media (min-width:550px) {\n  #text-box-1367971698 {\n    width: 100%;\n  }\n}\n<\/style>\n    <\/div>\n \n\n        <\/div>\n      <\/div>\n\n            \n<style>\n#banner-1615130315 {\n  padding-top: 85%;\n}\n#banner-1615130315 .overlay {\n  background-color: rgba(0, 0, 0, 0.4);\n}\n#banner-1615130315 .banner-bg img {\n  object-position: 56% 64%;\n}\n@media (min-width:550px) {\n  #banner-1615130315 {\n    padding-top: 100%;\n  }\n}\n<\/style>\n  <\/div>\n\n\n\n\t<section class=\"section\" id=\"section_1543442271\">\n\t\t<div class=\"section-bg fill\" >\n\t\t\t\t\t\t\t\t\t<div class=\"section-bg-overlay absolute fill\"><\/div>\n\t\t\t\n\n\t\t<\/div>\n\n\t\t\n\n\t\t<div class=\"section-content relative\">\n\t\t\t\n\n<div class=\"row row-large align-center\"  id=\"row-2130740786\">\n\n\n\t<div id=\"col-972293654\" class=\"col medium-10 small-12 large-8\"  >\n\t\t\t\t<div class=\"col-inner text-left\"  >\n\t\t\t\n\t\t\t\n\n<h2>Protect the information where it is created when it is created<\/h2>\n<p>End-to-end encryption means that a computer file being shared is encrypted before it is sent, and it stays encrypted until the authorised recipient decrypts it. It is only then that the contents of the file can be accessed again.<\/p>\n<p><em>The way things usually work when you send files.&nbsp;<\/em><\/p>\n<p>Normally a file you share is sent to the recipient in several stages. These stages take place in different parts of the world. To protect the content of the file it is often encrypted.<\/p>\n<p>The problem with this solution is that it is not complete. It is not uncommon for the content to be decrypted at each stage, and then being encrypted again before it is sent on. This means the content are exposed several times and in different parts of the world.<\/p>\n<p>This is better than having no encryption at all. But it still poses a risk of unauthorised people seeing your data. Especially if they have bad intentions.<\/p>\n<p>If you want to make sure no unauthorised person can access you files during transfer, you have to use end-to-end encryption.<\/p>\n<p><strong>End-to-end encryption in practice<\/strong><\/p>\n<p>In practice, end-to-end encryption means that users have to have software installed on their computer. This client software handles encryption and the so-called encryption keys. This software is the foundation for securely storing and sharing files in the cloud.<\/p>\n<p><strong>End-to-end encrytion using Synkzone<\/strong><\/p>\n<p>End-to-end encryption is one of the cornerstones of the Synkzone secure cloud storage and sharing service. It is one of the integral parts needed to provide zero knowledge.<\/p>\n<p>The Synkzone cloud service solution is based on software &#8211; a client \u2013 being installed on all computers used to access the information. The client handles the encrypting and decrypting of data before it is stored in the cloud or shared with another client. The client computers are the end-points in this solution.<\/p>\n<p><strong>Everything is encrypted and decrypted<\/strong><\/p>\n<p>The contents of the file are only encrypted or decrypted in the client software. In all other places, the information is encrypted. It is encrypted using the AES-256 standard. Furthermore, we encrypt the data in multiple layers, making an already extremely strong solution even stronger.<\/p>\n<p>Like the files, the encryption keys and passwords are handled using the same strong encryption protection.<\/p>\n<p>In addition to the information being encrypted in the client software and staying encrypted while stored in the cloud or being shared, no one else has access to the encryption keys.<\/p>\n<p>You are in full control over your data at all times.<\/p>\n\t<div id=\"gap-98947995\" class=\"gap-element clearfix\" style=\"display:block; height:auto;\">\n\t\t\n<style>\n#gap-98947995 {\n  padding-top: 30px;\n}\n<\/style>\n\t<\/div>\n\t\n\n<a href=\"https:\/\/www.synkzone.com\/en\/contact-us\/\" class=\"button primary\" >\n\t\t<span>Book a demo<\/span>\n\t<\/a>\n\n\n\n\t\t<\/div>\n\t\t\t\t\n<style>\n#col-972293654 > .col-inner {\n  padding: 24px 0px 0px 0px;\n}\n@media (min-width:550px) {\n  #col-972293654 > .col-inner {\n    padding: 64px 0px 0px 0px;\n  }\n}\n<\/style>\n\t<\/div>\n\n\t\n\n<\/div>\n\n\t\t<\/div>\n\n\t\t\n<style>\n#section_1543442271 {\n  padding-top: 48px;\n  padding-bottom: 48px;\n  background-color: rgb(249, 245, 243);\n}\n#section_1543442271 .section-bg-overlay {\n  background-color: rgba(255,255,255,.5);\n}\n<\/style>\n\t<\/section>\n\t\n\t<div id=\"gap-979371634\" class=\"gap-element clearfix\" style=\"display:block; height:auto;\">\n\t\t\n<style>\n#gap-979371634 {\n  padding-top: 10px;\n}\n<\/style>\n\t<\/div>\n\t\n\n\n\n\n<p><\/p>\n","protected":false},"excerpt":{"rendered":"","protected":false},"author":4,"featured_media":2291,"parent":5192,"menu_order":0,"comment_status":"closed","ping_status":"closed","template":"page-blank.php","meta":{"footnotes":""},"class_list":["post-1344","page","type-page","status-publish","has-post-thumbnail","hentry"],"yoast_head":"<!-- This site is optimized with the Yoast SEO Premium plugin v27.3 (Yoast SEO v27.3) - https:\/\/yoast.com\/product\/yoast-seo-premium-wordpress\/ -->\n<title>End-to-end encryption - Synkzone<\/title>\n<meta name=\"description\" content=\"End-to-end encryption ensures the data is constantly encrypted from leaving the computer of the sender until authorized reciever decrypts it.\" \/>\n<meta name=\"robots\" content=\"index, follow, max-snippet:-1, max-image-preview:large, max-video-preview:-1\" \/>\n<link rel=\"canonical\" href=\"http:\/\/www.synkzone.com\/erbjudande\/end-to-end-kryptering\/\" \/>\n<meta property=\"og:locale\" content=\"en_US\" \/>\n<meta property=\"og:type\" content=\"article\" \/>\n<meta property=\"og:title\" content=\"End-to-end encryption\" \/>\n<meta property=\"og:description\" content=\"End-to-end encryption ensures the data is constantly encrypted from leaving the computer of the sender until authorized reciever decrypts it.\" \/>\n<meta property=\"og:url\" content=\"http:\/\/www.synkzone.com\/erbjudande\/end-to-end-kryptering\/\" \/>\n<meta property=\"og:site_name\" content=\"Synkzone\" \/>\n<meta property=\"article:modified_time\" content=\"2025-05-11T15:29:14+00:00\" \/>\n<meta property=\"og:image\" content=\"http:\/\/www.synkzone.com\/wp-content\/uploads\/2022\/02\/photo-1603651305184-4605c31cfe0e.webp\" \/>\n\t<meta property=\"og:image:width\" content=\"1740\" \/>\n\t<meta property=\"og:image:height\" content=\"1160\" \/>\n\t<meta property=\"og:image:type\" content=\"image\/webp\" \/>\n<meta name=\"twitter:card\" content=\"summary_large_image\" \/>\n<meta name=\"twitter:label1\" content=\"Est. reading time\" \/>\n\t<meta name=\"twitter:data1\" content=\"3 minutes\" \/>\n<script type=\"application\/ld+json\" class=\"yoast-schema-graph\">{\"@context\":\"https:\\\/\\\/schema.org\",\"@graph\":[{\"@type\":\"WebPage\",\"@id\":\"http:\\\/\\\/www.synkzone.com\\\/erbjudande\\\/end-to-end-kryptering\\\/\",\"url\":\"http:\\\/\\\/www.synkzone.com\\\/erbjudande\\\/end-to-end-kryptering\\\/\",\"name\":\"End-to-end encryption - Synkzone\",\"isPartOf\":{\"@id\":\"https:\\\/\\\/www.synkzone.com\\\/#website\"},\"primaryImageOfPage\":{\"@id\":\"http:\\\/\\\/www.synkzone.com\\\/erbjudande\\\/end-to-end-kryptering\\\/#primaryimage\"},\"image\":{\"@id\":\"http:\\\/\\\/www.synkzone.com\\\/erbjudande\\\/end-to-end-kryptering\\\/#primaryimage\"},\"thumbnailUrl\":\"https:\\\/\\\/www.synkzone.com\\\/wp-content\\\/uploads\\\/2022\\\/02\\\/photo-1603651305184-4605c31cfe0e.webp\",\"datePublished\":\"2022-03-31T10:42:10+00:00\",\"dateModified\":\"2025-05-11T15:29:14+00:00\",\"description\":\"End-to-end encryption ensures the data is constantly encrypted from leaving the computer of the sender until authorized reciever decrypts it.\",\"breadcrumb\":{\"@id\":\"http:\\\/\\\/www.synkzone.com\\\/erbjudande\\\/end-to-end-kryptering\\\/#breadcrumb\"},\"inLanguage\":\"en-US\",\"potentialAction\":[{\"@type\":\"ReadAction\",\"target\":[\"http:\\\/\\\/www.synkzone.com\\\/erbjudande\\\/end-to-end-kryptering\\\/\"]}]},{\"@type\":\"ImageObject\",\"inLanguage\":\"en-US\",\"@id\":\"http:\\\/\\\/www.synkzone.com\\\/erbjudande\\\/end-to-end-kryptering\\\/#primaryimage\",\"url\":\"https:\\\/\\\/www.synkzone.com\\\/wp-content\\\/uploads\\\/2022\\\/02\\\/photo-1603651305184-4605c31cfe0e.webp\",\"contentUrl\":\"https:\\\/\\\/www.synkzone.com\\\/wp-content\\\/uploads\\\/2022\\\/02\\\/photo-1603651305184-4605c31cfe0e.webp\",\"width\":1740,\"height\":1160},{\"@type\":\"BreadcrumbList\",\"@id\":\"http:\\\/\\\/www.synkzone.com\\\/erbjudande\\\/end-to-end-kryptering\\\/#breadcrumb\",\"itemListElement\":[{\"@type\":\"ListItem\",\"position\":1,\"name\":\"Hem\",\"item\":\"http:\\\/\\\/www.synkzone.com\\\/en\\\/\"},{\"@type\":\"ListItem\",\"position\":2,\"name\":\"The offer\",\"item\":\"https:\\\/\\\/www.synkzone.com\\\/en\\\/the-offer\\\/\"},{\"@type\":\"ListItem\",\"position\":3,\"name\":\"End-to-end encryption\"}]},{\"@type\":\"WebSite\",\"@id\":\"https:\\\/\\\/www.synkzone.com\\\/#website\",\"url\":\"https:\\\/\\\/www.synkzone.com\\\/\",\"name\":\"Synkzone\",\"description\":\"Data Centric Security\",\"publisher\":{\"@id\":\"https:\\\/\\\/www.synkzone.com\\\/#organization\"},\"potentialAction\":[{\"@type\":\"SearchAction\",\"target\":{\"@type\":\"EntryPoint\",\"urlTemplate\":\"https:\\\/\\\/www.synkzone.com\\\/?s={search_term_string}\"},\"query-input\":{\"@type\":\"PropertyValueSpecification\",\"valueRequired\":true,\"valueName\":\"search_term_string\"}}],\"inLanguage\":\"en-US\"},{\"@type\":\"Organization\",\"@id\":\"https:\\\/\\\/www.synkzone.com\\\/#organization\",\"name\":\"Synkzone\",\"url\":\"https:\\\/\\\/www.synkzone.com\\\/\",\"logo\":{\"@type\":\"ImageObject\",\"inLanguage\":\"en-US\",\"@id\":\"https:\\\/\\\/www.synkzone.com\\\/#\\\/schema\\\/logo\\\/image\\\/\",\"url\":\"https:\\\/\\\/www.synkzone.com\\\/wp-content\\\/uploads\\\/2022\\\/07\\\/synkzone-logo.png\",\"contentUrl\":\"https:\\\/\\\/www.synkzone.com\\\/wp-content\\\/uploads\\\/2022\\\/07\\\/synkzone-logo.png\",\"width\":1200,\"height\":291,\"caption\":\"Synkzone\"},\"image\":{\"@id\":\"https:\\\/\\\/www.synkzone.com\\\/#\\\/schema\\\/logo\\\/image\\\/\"},\"sameAs\":[\"https:\\\/\\\/www.linkedin.com\\\/company\\\/synkzone\\\/\"]}]}<\/script>\n<!-- \/ Yoast SEO Premium plugin. -->","yoast_head_json":{"title":"End-to-end encryption - Synkzone","description":"End-to-end encryption ensures the data is constantly encrypted from leaving the computer of the sender until authorized reciever decrypts it.","robots":{"index":"index","follow":"follow","max-snippet":"max-snippet:-1","max-image-preview":"max-image-preview:large","max-video-preview":"max-video-preview:-1"},"canonical":"http:\/\/www.synkzone.com\/erbjudande\/end-to-end-kryptering\/","og_locale":"en_US","og_type":"article","og_title":"End-to-end encryption","og_description":"End-to-end encryption ensures the data is constantly encrypted from leaving the computer of the sender until authorized reciever decrypts it.","og_url":"http:\/\/www.synkzone.com\/erbjudande\/end-to-end-kryptering\/","og_site_name":"Synkzone","article_modified_time":"2025-05-11T15:29:14+00:00","og_image":[{"width":1740,"height":1160,"url":"http:\/\/www.synkzone.com\/wp-content\/uploads\/2022\/02\/photo-1603651305184-4605c31cfe0e.webp","type":"image\/webp"}],"twitter_card":"summary_large_image","twitter_misc":{"Est. reading time":"3 minutes"},"schema":{"@context":"https:\/\/schema.org","@graph":[{"@type":"WebPage","@id":"http:\/\/www.synkzone.com\/erbjudande\/end-to-end-kryptering\/","url":"http:\/\/www.synkzone.com\/erbjudande\/end-to-end-kryptering\/","name":"End-to-end encryption - Synkzone","isPartOf":{"@id":"https:\/\/www.synkzone.com\/#website"},"primaryImageOfPage":{"@id":"http:\/\/www.synkzone.com\/erbjudande\/end-to-end-kryptering\/#primaryimage"},"image":{"@id":"http:\/\/www.synkzone.com\/erbjudande\/end-to-end-kryptering\/#primaryimage"},"thumbnailUrl":"https:\/\/www.synkzone.com\/wp-content\/uploads\/2022\/02\/photo-1603651305184-4605c31cfe0e.webp","datePublished":"2022-03-31T10:42:10+00:00","dateModified":"2025-05-11T15:29:14+00:00","description":"End-to-end encryption ensures the data is constantly encrypted from leaving the computer of the sender until authorized reciever decrypts it.","breadcrumb":{"@id":"http:\/\/www.synkzone.com\/erbjudande\/end-to-end-kryptering\/#breadcrumb"},"inLanguage":"en-US","potentialAction":[{"@type":"ReadAction","target":["http:\/\/www.synkzone.com\/erbjudande\/end-to-end-kryptering\/"]}]},{"@type":"ImageObject","inLanguage":"en-US","@id":"http:\/\/www.synkzone.com\/erbjudande\/end-to-end-kryptering\/#primaryimage","url":"https:\/\/www.synkzone.com\/wp-content\/uploads\/2022\/02\/photo-1603651305184-4605c31cfe0e.webp","contentUrl":"https:\/\/www.synkzone.com\/wp-content\/uploads\/2022\/02\/photo-1603651305184-4605c31cfe0e.webp","width":1740,"height":1160},{"@type":"BreadcrumbList","@id":"http:\/\/www.synkzone.com\/erbjudande\/end-to-end-kryptering\/#breadcrumb","itemListElement":[{"@type":"ListItem","position":1,"name":"Hem","item":"http:\/\/www.synkzone.com\/en\/"},{"@type":"ListItem","position":2,"name":"The offer","item":"https:\/\/www.synkzone.com\/en\/the-offer\/"},{"@type":"ListItem","position":3,"name":"End-to-end encryption"}]},{"@type":"WebSite","@id":"https:\/\/www.synkzone.com\/#website","url":"https:\/\/www.synkzone.com\/","name":"Synkzone","description":"Data Centric Security","publisher":{"@id":"https:\/\/www.synkzone.com\/#organization"},"potentialAction":[{"@type":"SearchAction","target":{"@type":"EntryPoint","urlTemplate":"https:\/\/www.synkzone.com\/?s={search_term_string}"},"query-input":{"@type":"PropertyValueSpecification","valueRequired":true,"valueName":"search_term_string"}}],"inLanguage":"en-US"},{"@type":"Organization","@id":"https:\/\/www.synkzone.com\/#organization","name":"Synkzone","url":"https:\/\/www.synkzone.com\/","logo":{"@type":"ImageObject","inLanguage":"en-US","@id":"https:\/\/www.synkzone.com\/#\/schema\/logo\/image\/","url":"https:\/\/www.synkzone.com\/wp-content\/uploads\/2022\/07\/synkzone-logo.png","contentUrl":"https:\/\/www.synkzone.com\/wp-content\/uploads\/2022\/07\/synkzone-logo.png","width":1200,"height":291,"caption":"Synkzone"},"image":{"@id":"https:\/\/www.synkzone.com\/#\/schema\/logo\/image\/"},"sameAs":["https:\/\/www.linkedin.com\/company\/synkzone\/"]}]}},"_links":{"self":[{"href":"https:\/\/www.synkzone.com\/en\/wp-json\/wp\/v2\/pages\/1344","targetHints":{"allow":["GET"]}}],"collection":[{"href":"https:\/\/www.synkzone.com\/en\/wp-json\/wp\/v2\/pages"}],"about":[{"href":"https:\/\/www.synkzone.com\/en\/wp-json\/wp\/v2\/types\/page"}],"author":[{"embeddable":true,"href":"https:\/\/www.synkzone.com\/en\/wp-json\/wp\/v2\/users\/4"}],"replies":[{"embeddable":true,"href":"https:\/\/www.synkzone.com\/en\/wp-json\/wp\/v2\/comments?post=1344"}],"version-history":[{"count":17,"href":"https:\/\/www.synkzone.com\/en\/wp-json\/wp\/v2\/pages\/1344\/revisions"}],"predecessor-version":[{"id":5223,"href":"https:\/\/www.synkzone.com\/en\/wp-json\/wp\/v2\/pages\/1344\/revisions\/5223"}],"up":[{"embeddable":true,"href":"https:\/\/www.synkzone.com\/en\/wp-json\/wp\/v2\/pages\/5192"}],"wp:featuredmedia":[{"embeddable":true,"href":"https:\/\/www.synkzone.com\/en\/wp-json\/wp\/v2\/media\/2291"}],"wp:attachment":[{"href":"https:\/\/www.synkzone.com\/en\/wp-json\/wp\/v2\/media?parent=1344"}],"curies":[{"name":"wp","href":"https:\/\/api.w.org\/{rel}","templated":true}]}}