{"id":5120,"date":"2021-05-26T09:13:07","date_gmt":"2021-05-26T07:13:07","guid":{"rendered":"https:\/\/www.synkzone.com\/how-to-protect-yourself-against-cyber-attacks\/"},"modified":"2025-05-08T09:52:02","modified_gmt":"2025-05-08T07:52:02","slug":"how-to-protect-yourself-against-cyber-attacks","status":"publish","type":"page","link":"https:\/\/www.synkzone.com\/en\/how-to-protect-yourself-against-cyber-attacks\/","title":{"rendered":"How to protect yourself against cyber attacks"},"content":{"rendered":"\n\n\t<section class=\"section dark has-parallax has-scroll-for-more\" id=\"section_200320129\">\n\t\t<div class=\"section-bg fill\" data-parallax-container=\".section\" data-parallax-background data-parallax=\"-3\">\n\t\t\t<img loading=\"lazy\" decoding=\"async\" width=\"720\" height=\"464\" src=\"https:\/\/www.synkzone.com\/wp-content\/uploads\/2022\/03\/Skarmavbild-2022-02-25-kl.-15.27.06.png\" class=\"bg attachment-original size-original\" alt=\"\" \/>\t\t\t\t\t\t<div class=\"section-bg-overlay absolute fill\"><\/div><button class=\"scroll-for-more z-5 icon absolute bottom h-center\" aria-label=\"Scroll for more\"><i class=\"icon-angle-down\" aria-hidden=\"true\" style=\"font-size:42px;\"><\/i><\/button>\n\t\t\t\n\n\t\t<\/div>\n\n\t\t\n\n\t\t<div class=\"section-content relative\">\n\t\t\t\n\n<div class=\"row align-middle align-center\"  id=\"row-76870136\">\n\n\n\t<div id=\"col-2109502165\" class=\"col medium-10 small-12 large-7\"  >\n\t\t\t\t<div class=\"col-inner text-left\"  >\n\t\t\t\n\t\t\t\n\n\t<div id=\"text-2577064588\" class=\"text\">\n\t\t\n\n<h1>9 saker att t\u00e4nka p\u00e5 innan du v\u00e4ljer molntj\u00e4nst <\/h1>\n\t\t\n<style>\n#text-2577064588 {\n  font-size: 1.25rem;\n  text-align: center;\n}\n@media (min-width:550px) {\n  #text-2577064588 {\n    font-size: 1.6rem;\n  }\n}\n@media (min-width:850px) {\n  #text-2577064588 {\n    font-size: 2.2rem;\n  }\n}\n<\/style>\n\t<\/div>\n\t\n\t<div id=\"text-1812306223\" class=\"text\">\n\t\t\n\n<p>Vi navigerar dig igenom allt du b\u00f6r t\u00e4nka p\u00e5 innan du v\u00e4ljer molnlagring f\u00f6r ditt bolag.  <\/p>\n\t\t\n<style>\n#text-1812306223 {\n  font-size: 1rem;\n  text-align: center;\n}\n@media (min-width:550px) {\n  #text-1812306223 {\n    font-size: 1.2rem;\n  }\n}\n@media (min-width:850px) {\n  #text-1812306223 {\n    font-size: 1.5rem;\n  }\n}\n<\/style>\n\t<\/div>\n\t\n\n\t\t<\/div>\n\t\t\t\t\t<\/div>\n\n\t\n\n<\/div>\n\n\t\t<\/div>\n\n\t\t\n<style>\n#section_200320129 {\n  padding-top: 0px;\n  padding-bottom: 0px;\n  min-height: 80vh;\n}\n#section_200320129 .section-bg-overlay {\n  background-color: rgba(0, 0, 0, 0.7);\n}\n#section_200320129 .section-bg img {\n  object-position: 3% 12%;\n}\n@media (min-width:550px) {\n  #section_200320129 {\n    padding-top: 32px;\n    padding-bottom: 32px;\n    min-height: 65vh;\n  }\n  #section_200320129 .section-bg-overlay {\n    background-color: rgba(0, 0, 0, 0.7);\n  }\n}\n<\/style>\n\t<\/section>\n\t\n\n\t<section class=\"section\" id=\"section_1064983212\">\n\t\t<div class=\"section-bg fill\" >\n\t\t\t\t\t\t\t\t\t\n\t\t\t\n\n\t\t<\/div>\n\n\t\t\n\n\t\t<div class=\"section-content relative\">\n\t\t\t\n\n<div class=\"row row-large align-middle\"  id=\"row-1395699379\">\n\n\n\t<div id=\"col-1602174869\" class=\"col small-12 large-12\"  >\n\t\t\t\t<div class=\"col-inner\"  >\n\t\t\t\n\t\t\t\n\n\t<div id=\"text-1219921958\" class=\"text\">\n\t\t\n\n<p><strong>Fyll i formul\u00e4ret<\/strong><\/p>\n\t\t\n<style>\n#text-1219921958 {\n  text-align: center;\n  color: #fc8800;\n}\n#text-1219921958 > * {\n  color: #fc8800;\n}\n<\/style>\n\t<\/div>\n\t\n\t<div id=\"text-2044009632\" class=\"text\">\n\t\t\n\n<h2>H\u00e4r kan du ladda ner v\u00e5r\u00a0<br \/>gudie om s\u00e4ker molnlagring!<\/h2>\n\t\t\n<style>\n#text-2044009632 {\n  font-size: 1.6rem;\n  text-align: center;\n}\n<\/style>\n\t<\/div>\n\t\n\t<div id=\"text-2429235287\" class=\"text\">\n\t\t\n\n<p class=\"lead\">\u00a0<\/p>\n<p><iframe loading=\"lazy\" style=\"border: 0;\" src=\"https:\/\/pages.upsales.com\/11893u4ff25f2fedcc413aa2adc251f5f001d9-frame\" width=\"500\" height=\"603\"><\/iframe><\/p>\n\t\t\n<style>\n#text-2429235287 {\n  font-size: 0.75rem;\n  text-align: center;\n}\n@media (min-width:550px) {\n  #text-2429235287 {\n    font-size: 1rem;\n  }\n}\n<\/style>\n\t<\/div>\n\t\n\n\t\t<\/div>\n\t\t\t\t\t<\/div>\n\n\t\n\n\n<style>\n#row-1395699379 > .col > .col-inner {\n  padding: 0px 0px 0px 0px;\n}\n@media (min-width:550px) {\n  #row-1395699379 > .col > .col-inner {\n    padding: 72px 0px 48px 0px;\n  }\n}\n<\/style>\n<\/div>\n\n\t\t<\/div>\n\n\t\t\n<style>\n#section_1064983212 {\n  padding-top: 30px;\n  padding-bottom: 30px;\n  background-color: rgb(247, 246, 245);\n}\n<\/style>\n\t<\/section>\n\t\n","protected":false},"excerpt":{"rendered":"","protected":false},"author":4,"featured_media":5121,"parent":0,"menu_order":0,"comment_status":"closed","ping_status":"closed","template":"","meta":{"footnotes":""},"class_list":["post-5120","page","type-page","status-publish","has-post-thumbnail","hentry"],"yoast_head":"<!-- This site is optimized with the Yoast SEO Premium plugin v27.3 (Yoast SEO v27.3) - https:\/\/yoast.com\/product\/yoast-seo-premium-wordpress\/ -->\n<title>How to protect yourself against cyber attacks - Synkzone<\/title>\n<meta name=\"description\" content=\"How to protect yourself against cyber attacks - in this e-book you can learn in a few minutes how to best protect your important data.\" \/>\n<meta name=\"robots\" content=\"index, follow, max-snippet:-1, max-image-preview:large, max-video-preview:-1\" \/>\n<link rel=\"canonical\" href=\"http:\/\/www.synkzone.com\/en\/how-to-protect-yourself-against-cyber-attacks\/\" \/>\n<meta property=\"og:locale\" content=\"en_US\" \/>\n<meta property=\"og:type\" content=\"article\" \/>\n<meta property=\"og:title\" content=\"How to protect yourself against cyber attacks\" \/>\n<meta property=\"og:description\" content=\"How to protect yourself against cyber attacks - in this e-book you can learn in a few minutes how to best protect your important data.\" \/>\n<meta property=\"og:url\" content=\"http:\/\/www.synkzone.com\/en\/how-to-protect-yourself-against-cyber-attacks\/\" \/>\n<meta property=\"og:site_name\" content=\"Synkzone\" \/>\n<meta property=\"article:modified_time\" content=\"2025-05-08T07:52:02+00:00\" \/>\n<meta property=\"og:image\" content=\"http:\/\/www.synkzone.com\/wp-content\/uploads\/2020\/10\/Synkzone-ebook.png\" \/>\n\t<meta property=\"og:image:width\" content=\"900\" \/>\n\t<meta property=\"og:image:height\" content=\"1200\" \/>\n\t<meta property=\"og:image:type\" content=\"image\/png\" \/>\n<meta name=\"twitter:card\" content=\"summary_large_image\" \/>\n<script type=\"application\/ld+json\" class=\"yoast-schema-graph\">{\"@context\":\"https:\\\/\\\/schema.org\",\"@graph\":[{\"@type\":\"WebPage\",\"@id\":\"http:\\\/\\\/www.synkzone.com\\\/en\\\/how-to-protect-yourself-against-cyber-attacks\\\/\",\"url\":\"http:\\\/\\\/www.synkzone.com\\\/en\\\/how-to-protect-yourself-against-cyber-attacks\\\/\",\"name\":\"How to protect yourself against cyber attacks - Synkzone\",\"isPartOf\":{\"@id\":\"https:\\\/\\\/www.synkzone.com\\\/#website\"},\"primaryImageOfPage\":{\"@id\":\"http:\\\/\\\/www.synkzone.com\\\/en\\\/how-to-protect-yourself-against-cyber-attacks\\\/#primaryimage\"},\"image\":{\"@id\":\"http:\\\/\\\/www.synkzone.com\\\/en\\\/how-to-protect-yourself-against-cyber-attacks\\\/#primaryimage\"},\"thumbnailUrl\":\"https:\\\/\\\/www.synkzone.com\\\/wp-content\\\/uploads\\\/2020\\\/10\\\/Synkzone-ebook.png\",\"datePublished\":\"2021-05-26T07:13:07+00:00\",\"dateModified\":\"2025-05-08T07:52:02+00:00\",\"description\":\"How to protect yourself against cyber attacks - in this e-book you can learn in a few minutes how to best protect your important data.\",\"breadcrumb\":{\"@id\":\"http:\\\/\\\/www.synkzone.com\\\/en\\\/how-to-protect-yourself-against-cyber-attacks\\\/#breadcrumb\"},\"inLanguage\":\"en-US\",\"potentialAction\":[{\"@type\":\"ReadAction\",\"target\":[\"http:\\\/\\\/www.synkzone.com\\\/en\\\/how-to-protect-yourself-against-cyber-attacks\\\/\"]}]},{\"@type\":\"ImageObject\",\"inLanguage\":\"en-US\",\"@id\":\"http:\\\/\\\/www.synkzone.com\\\/en\\\/how-to-protect-yourself-against-cyber-attacks\\\/#primaryimage\",\"url\":\"https:\\\/\\\/www.synkzone.com\\\/wp-content\\\/uploads\\\/2020\\\/10\\\/Synkzone-ebook.png\",\"contentUrl\":\"https:\\\/\\\/www.synkzone.com\\\/wp-content\\\/uploads\\\/2020\\\/10\\\/Synkzone-ebook.png\",\"width\":900,\"height\":1200,\"caption\":\"Ebook Skydda dig mot cyberattacker\"},{\"@type\":\"BreadcrumbList\",\"@id\":\"http:\\\/\\\/www.synkzone.com\\\/en\\\/how-to-protect-yourself-against-cyber-attacks\\\/#breadcrumb\",\"itemListElement\":[{\"@type\":\"ListItem\",\"position\":1,\"name\":\"Hem\",\"item\":\"http:\\\/\\\/www.synkzone.com\\\/en\\\/\"},{\"@type\":\"ListItem\",\"position\":2,\"name\":\"How to protect yourself against cyber attacks\"}]},{\"@type\":\"WebSite\",\"@id\":\"https:\\\/\\\/www.synkzone.com\\\/#website\",\"url\":\"https:\\\/\\\/www.synkzone.com\\\/\",\"name\":\"Synkzone\",\"description\":\"Data Centric Security\",\"publisher\":{\"@id\":\"https:\\\/\\\/www.synkzone.com\\\/#organization\"},\"potentialAction\":[{\"@type\":\"SearchAction\",\"target\":{\"@type\":\"EntryPoint\",\"urlTemplate\":\"https:\\\/\\\/www.synkzone.com\\\/?s={search_term_string}\"},\"query-input\":{\"@type\":\"PropertyValueSpecification\",\"valueRequired\":true,\"valueName\":\"search_term_string\"}}],\"inLanguage\":\"en-US\"},{\"@type\":\"Organization\",\"@id\":\"https:\\\/\\\/www.synkzone.com\\\/#organization\",\"name\":\"Synkzone\",\"url\":\"https:\\\/\\\/www.synkzone.com\\\/\",\"logo\":{\"@type\":\"ImageObject\",\"inLanguage\":\"en-US\",\"@id\":\"https:\\\/\\\/www.synkzone.com\\\/#\\\/schema\\\/logo\\\/image\\\/\",\"url\":\"https:\\\/\\\/www.synkzone.com\\\/wp-content\\\/uploads\\\/2022\\\/07\\\/synkzone-logo.png\",\"contentUrl\":\"https:\\\/\\\/www.synkzone.com\\\/wp-content\\\/uploads\\\/2022\\\/07\\\/synkzone-logo.png\",\"width\":1200,\"height\":291,\"caption\":\"Synkzone\"},\"image\":{\"@id\":\"https:\\\/\\\/www.synkzone.com\\\/#\\\/schema\\\/logo\\\/image\\\/\"},\"sameAs\":[\"https:\\\/\\\/www.linkedin.com\\\/company\\\/synkzone\\\/\"]}]}<\/script>\n<!-- \/ Yoast SEO Premium plugin. -->","yoast_head_json":{"title":"How to protect yourself against cyber attacks - Synkzone","description":"How to protect yourself against cyber attacks - in this e-book you can learn in a few minutes how to best protect your important data.","robots":{"index":"index","follow":"follow","max-snippet":"max-snippet:-1","max-image-preview":"max-image-preview:large","max-video-preview":"max-video-preview:-1"},"canonical":"http:\/\/www.synkzone.com\/en\/how-to-protect-yourself-against-cyber-attacks\/","og_locale":"en_US","og_type":"article","og_title":"How to protect yourself against cyber attacks","og_description":"How to protect yourself against cyber attacks - in this e-book you can learn in a few minutes how to best protect your important data.","og_url":"http:\/\/www.synkzone.com\/en\/how-to-protect-yourself-against-cyber-attacks\/","og_site_name":"Synkzone","article_modified_time":"2025-05-08T07:52:02+00:00","og_image":[{"width":900,"height":1200,"url":"http:\/\/www.synkzone.com\/wp-content\/uploads\/2020\/10\/Synkzone-ebook.png","type":"image\/png"}],"twitter_card":"summary_large_image","schema":{"@context":"https:\/\/schema.org","@graph":[{"@type":"WebPage","@id":"http:\/\/www.synkzone.com\/en\/how-to-protect-yourself-against-cyber-attacks\/","url":"http:\/\/www.synkzone.com\/en\/how-to-protect-yourself-against-cyber-attacks\/","name":"How to protect yourself against cyber attacks - Synkzone","isPartOf":{"@id":"https:\/\/www.synkzone.com\/#website"},"primaryImageOfPage":{"@id":"http:\/\/www.synkzone.com\/en\/how-to-protect-yourself-against-cyber-attacks\/#primaryimage"},"image":{"@id":"http:\/\/www.synkzone.com\/en\/how-to-protect-yourself-against-cyber-attacks\/#primaryimage"},"thumbnailUrl":"https:\/\/www.synkzone.com\/wp-content\/uploads\/2020\/10\/Synkzone-ebook.png","datePublished":"2021-05-26T07:13:07+00:00","dateModified":"2025-05-08T07:52:02+00:00","description":"How to protect yourself against cyber attacks - in this e-book you can learn in a few minutes how to best protect your important data.","breadcrumb":{"@id":"http:\/\/www.synkzone.com\/en\/how-to-protect-yourself-against-cyber-attacks\/#breadcrumb"},"inLanguage":"en-US","potentialAction":[{"@type":"ReadAction","target":["http:\/\/www.synkzone.com\/en\/how-to-protect-yourself-against-cyber-attacks\/"]}]},{"@type":"ImageObject","inLanguage":"en-US","@id":"http:\/\/www.synkzone.com\/en\/how-to-protect-yourself-against-cyber-attacks\/#primaryimage","url":"https:\/\/www.synkzone.com\/wp-content\/uploads\/2020\/10\/Synkzone-ebook.png","contentUrl":"https:\/\/www.synkzone.com\/wp-content\/uploads\/2020\/10\/Synkzone-ebook.png","width":900,"height":1200,"caption":"Ebook Skydda dig mot cyberattacker"},{"@type":"BreadcrumbList","@id":"http:\/\/www.synkzone.com\/en\/how-to-protect-yourself-against-cyber-attacks\/#breadcrumb","itemListElement":[{"@type":"ListItem","position":1,"name":"Hem","item":"http:\/\/www.synkzone.com\/en\/"},{"@type":"ListItem","position":2,"name":"How to protect yourself against cyber attacks"}]},{"@type":"WebSite","@id":"https:\/\/www.synkzone.com\/#website","url":"https:\/\/www.synkzone.com\/","name":"Synkzone","description":"Data Centric Security","publisher":{"@id":"https:\/\/www.synkzone.com\/#organization"},"potentialAction":[{"@type":"SearchAction","target":{"@type":"EntryPoint","urlTemplate":"https:\/\/www.synkzone.com\/?s={search_term_string}"},"query-input":{"@type":"PropertyValueSpecification","valueRequired":true,"valueName":"search_term_string"}}],"inLanguage":"en-US"},{"@type":"Organization","@id":"https:\/\/www.synkzone.com\/#organization","name":"Synkzone","url":"https:\/\/www.synkzone.com\/","logo":{"@type":"ImageObject","inLanguage":"en-US","@id":"https:\/\/www.synkzone.com\/#\/schema\/logo\/image\/","url":"https:\/\/www.synkzone.com\/wp-content\/uploads\/2022\/07\/synkzone-logo.png","contentUrl":"https:\/\/www.synkzone.com\/wp-content\/uploads\/2022\/07\/synkzone-logo.png","width":1200,"height":291,"caption":"Synkzone"},"image":{"@id":"https:\/\/www.synkzone.com\/#\/schema\/logo\/image\/"},"sameAs":["https:\/\/www.linkedin.com\/company\/synkzone\/"]}]}},"_links":{"self":[{"href":"https:\/\/www.synkzone.com\/en\/wp-json\/wp\/v2\/pages\/5120","targetHints":{"allow":["GET"]}}],"collection":[{"href":"https:\/\/www.synkzone.com\/en\/wp-json\/wp\/v2\/pages"}],"about":[{"href":"https:\/\/www.synkzone.com\/en\/wp-json\/wp\/v2\/types\/page"}],"author":[{"embeddable":true,"href":"https:\/\/www.synkzone.com\/en\/wp-json\/wp\/v2\/users\/4"}],"replies":[{"embeddable":true,"href":"https:\/\/www.synkzone.com\/en\/wp-json\/wp\/v2\/comments?post=5120"}],"version-history":[{"count":1,"href":"https:\/\/www.synkzone.com\/en\/wp-json\/wp\/v2\/pages\/5120\/revisions"}],"predecessor-version":[{"id":5122,"href":"https:\/\/www.synkzone.com\/en\/wp-json\/wp\/v2\/pages\/5120\/revisions\/5122"}],"wp:featuredmedia":[{"embeddable":true,"href":"https:\/\/www.synkzone.com\/en\/wp-json\/wp\/v2\/media\/5121"}],"wp:attachment":[{"href":"https:\/\/www.synkzone.com\/en\/wp-json\/wp\/v2\/media?parent=5120"}],"curies":[{"name":"wp","href":"https:\/\/api.w.org\/{rel}","templated":true}]}}