{"id":5216,"date":"2022-03-31T12:45:01","date_gmt":"2022-03-31T10:45:01","guid":{"rendered":"https:\/\/www.synkzone.com\/the-offer\/swedish-legislation\/"},"modified":"2025-05-11T17:21:19","modified_gmt":"2025-05-11T15:21:19","slug":"swedish-legislation","status":"publish","type":"page","link":"https:\/\/www.synkzone.com\/en\/the-offer\/swedish-legislation\/","title":{"rendered":"Swedish legislation"},"content":{"rendered":"\n\n\t<section class=\"section dark has-parallax has-scroll-for-more\" id=\"section_968898135\">\n\t\t<div class=\"section-bg fill\" data-parallax-container=\".section\" data-parallax-background data-parallax=\"-3\">\n\t\t\t<img loading=\"lazy\" decoding=\"async\" width=\"1740\" height=\"1160\" src=\"https:\/\/www.synkzone.com\/wp-content\/uploads\/2022\/03\/svensk-lag-molntjanst-1.webp\" class=\"bg attachment-original size-original\" alt=\"\" \/>\t\t\t\t\t\t<div class=\"section-bg-overlay absolute fill\"><\/div><button class=\"scroll-for-more z-5 icon absolute bottom h-center\" aria-label=\"Scroll for more\"><i class=\"icon-angle-down\" aria-hidden=\"true\" style=\"font-size:42px;\"><\/i><\/button>\n\t\t\t\n\n\t\t<\/div>\n\n\t\t\n\n\t\t<div class=\"section-content relative\">\n\t\t\t\n\n<div class=\"row align-middle align-center\"  id=\"row-1864173148\">\n\n\n\t<div id=\"col-2046649466\" class=\"col medium-10 small-12 large-7\"  >\n\t\t\t\t<div class=\"col-inner text-left\"  >\n\t\t\t\n\t\t\t\n\n\t<div id=\"text-575580444\" class=\"text\">\n\t\t\n\n<h1>Swedish legislation<\/h1>\n\t\t\n<style>\n#text-575580444 {\n  font-size: 1.25rem;\n}\n@media (min-width:550px) {\n  #text-575580444 {\n    font-size: 1.6rem;\n  }\n}\n@media (min-width:850px) {\n  #text-575580444 {\n    font-size: 2.25rem;\n  }\n}\n<\/style>\n\t<\/div>\n\t\n\t<div id=\"text-699936308\" class=\"text\">\n\t\t\n\n<p>An important part of secure cloud storage<\/p>\n\t\t\n<style>\n#text-699936308 {\n  font-size: 1rem;\n}\n@media (min-width:550px) {\n  #text-699936308 {\n    font-size: 1.2rem;\n  }\n}\n@media (min-width:850px) {\n  #text-699936308 {\n    font-size: 1.6rem;\n  }\n}\n<\/style>\n\t<\/div>\n\t\n\n\t\t<\/div>\n\t\t\t\t\t<\/div>\n\n\t\n\n<\/div>\n\n\t\t<\/div>\n\n\t\t\n<style>\n#section_968898135 {\n  padding-top: 0px;\n  padding-bottom: 0px;\n  min-height: 80vh;\n}\n#section_968898135 .section-bg-overlay {\n  background-color: rgba(0, 0, 0, 0.7);\n}\n#section_968898135 .section-bg img {\n  object-position: 26% 65%;\n}\n@media (min-width:550px) {\n  #section_968898135 {\n    padding-top: 32px;\n    padding-bottom: 32px;\n    min-height: 58vh;\n  }\n  #section_968898135 .section-bg-overlay {\n    background-color: rgba(0, 0, 0, 0.7);\n  }\n}\n<\/style>\n\t<\/section>\n\t\n\n\t<section class=\"section\" id=\"section_1592787560\">\n\t\t<div class=\"section-bg fill\" >\n\t\t\t\t\t\t\t\t\t\n\t\t\t\n\n\t\t<\/div>\n\n\t\t\n\n\t\t<div class=\"section-content relative\">\n\t\t\t\n\n<div class=\"row row-large align-center\"  id=\"row-2122037602\">\n\n\n\t<div id=\"col-2035507490\" class=\"col medium-10 small-12 large-8\"  >\n\t\t\t\t<div class=\"col-inner text-left\"  >\n\t\t\t\n\t\t\t\n\n<h2>  Swedish and European law provide better protection than, for example, US legislation.<\/h2>\n<p>When you store data on a server in the cloud, the law of the country where the parent company is registered applies. This means that several large cloud services are subject to US law. <\/p>\n<p>If you are based in Sweden and sign a cloud storage agreement with a (subsidiary) company in Ireland or Sweden, it does not matter whether the parent company is American. In that case, it is US legislation that applies to your content on the server. <\/p>\n<p><strong>US law differs from European and Swedish law<br><\/strong><br> At the same time as discussions in Europe were at their most intense about the GDPR, the CLOUD Act became part of US law. The CLOUD Act requires a &#8220;provider of an electronic communications service or remote computing service that is publicly traded in the United States to preserve, back up, or, if necessary, disclose the contents of a cloud service that relates to a customer or subscriber within its provision, custody, or control, regardless of whether such communications, records, or other information are located within or outside the United States&#8221;. <\/p>\n<p><em>This may be worth considering for anyone storing sensitive information in the cloud.<\/em><\/p>\n<p><strong>Don&#8217;t confuse the GDPR with the CLOUD Act and FISA 702<\/strong><\/p>\n<p>Despite a generally high level of awareness in Sweden, few Swedish companies are aware that their business-critical information is exposed to foreign law if it is stored on foreign cloud services. What even fewer know is that US national legislation cannot be waived when civil law agreements are signed with the companies. <\/p>\n<p>To comply with the GDPR, US cloud services have been forced to offer EU storage to Swedish companies. What many companies fail to realize is that business-critical information is at risk of being exposed to foreign authorities, even though the actual storage of data takes place in server halls within the EU. <\/p>\n<p>In other words, the US authorities have the right to demand access to your data if you store it on a server owned by a US company.<\/p>\n<p><strong>Synkzone is a Swedish company. Our servers are located in Sweden. <\/strong><\/p>\n<p>The encryption technologies we use make your information and data as technically secure as possible today. But if at the same time there are laws &#8211; like the CLOUD Act &#8211; that override our technical solutions and the provider must be able to access your data if the authorities want to take part of it, the technical security is not worth anything. <\/p>\n<p><em>You are still not in full control of your data.<\/em><\/p>\n<p>That&#8217;s why it&#8217;s so important where your cloud service provider has its parent company and where the servers are physically located.<\/p>\n<p>As Synkzone is a Swedish company with servers in Sweden, it is not subject to the CLOUD Act. No government agency &#8211; or anyone else &#8211; can access your information on the server. <\/p>\n<p><strong>With Synkzone you have full control over your data.<\/strong><\/p>\n\t<div id=\"gap-274809062\" class=\"gap-element clearfix\" style=\"display:block; height:auto;\">\n\t\t\n<style>\n#gap-274809062 {\n  padding-top: 30px;\n}\n<\/style>\n\t<\/div>\n\t\n\n<a href=\"https:\/\/www.synkzone.com\/en\/contact-us\/\" class=\"button primary\" >\n\t\t<span>Book a demo<\/span>\n\t<\/a>\n\n\n\n\t\t<\/div>\n\t\t\t\t\n<style>\n#col-2035507490 > .col-inner {\n  padding: 24px 0px 0px 0px;\n}\n@media (min-width:550px) {\n  #col-2035507490 > .col-inner {\n    padding: 64px 0px 0px 0px;\n  }\n}\n<\/style>\n\t<\/div>\n\n\t\n\n<\/div>\n\n\t\t<\/div>\n\n\t\t\n<style>\n#section_1592787560 {\n  padding-top: 48px;\n  padding-bottom: 48px;\n  background-color: rgb(249, 245, 243);\n}\n<\/style>\n\t<\/section>\n\t\n\n  <div class=\"banner has-hover is-full-height show-for-medium hide-for-small\" id=\"banner-1825856823\">\n          <div class=\"banner-inner fill\">\n        <div class=\"banner-bg fill\" >\n            <img loading=\"lazy\" decoding=\"async\" width=\"1020\" height=\"681\" src=\"https:\/\/www.synkzone.com\/wp-content\/uploads\/2020\/05\/Svensk-lag-ga\u0308ller-fo\u0308r-datalagring-med-Synkzone-1030x688.jpg\" class=\"bg attachment-large size-large\" alt=\"Svensk lag och molnlagring; lagarna i Sverige \u00e4r b\u00e4ttre f\u00f6r den personliga integriteten i Sverige \u00e4n i m\u00e5nga andra l\u00e4nder. H\u00e4r kan inte myndigheterna f\u00e5 tillg\u00e5ng till din data med st\u00f6d av lagen utan din vetskap. Synkzone \u00e4r en svensk molnlagringstj\u00e4nst och lyder under svensk lag.\" \/>                        <div class=\"overlay\"><\/div>            \n                    <\/div>\n\t\t\n        <div class=\"banner-layers container\">\n            <div class=\"fill banner-link\"><\/div>            \n\n   <div id=\"text-box-1588754311\" class=\"text-box banner-layer x50 md-x50 lg-x50 y100 md-y20 lg-y30 res-text\">\n                                <div class=\"text-box-content text \">\n              \n              <div class=\"text-inner text-center\">\n                  \n\n\t<div id=\"gap-1485312519\" class=\"gap-element clearfix\" style=\"display:block; height:auto;\">\n\t\t\n<style>\n#gap-1485312519 {\n  padding-top: 30px;\n}\n<\/style>\n\t<\/div>\n\t\n\n<h2 class=\"uppercase\"><span style=\"color: #ffffff; font-size: 110%;\"><b>SWEDISH LEGISLATION<\/b><\/span><\/h2>\n\t<div id=\"gap-991036862\" class=\"gap-element clearfix\" style=\"display:block; height:auto;\">\n\t\t\n<style>\n#gap-991036862 {\n  padding-top: 10px;\n}\n<\/style>\n\t<\/div>\n\t\n\n<div class=\"is-divider divider clearfix\" style=\"max-width:100px;background-color:rgba(235, 171, 67, 0.65);\"><\/div>\n\n<h2><span style=\"font-size: 85%;\" data-text-color=\"success\">An important part of secure cloud storage<\/span><\/h2>\n\n              <\/div>\n           <\/div>\n                            \n<style>\n#text-box-1588754311 {\n  width: 70%;\n}\n#text-box-1588754311 .text-box-content {\n  font-size: 112%;\n}\n@media (min-width:550px) {\n  #text-box-1588754311 {\n    width: 100%;\n  }\n}\n<\/style>\n    <\/div>\n \n\n        <\/div>\n      <\/div>\n\n            \n<style>\n#banner-1825856823 {\n  padding-top: 500px;\n}\n#banner-1825856823 .overlay {\n  background-color: rgba(0, 0, 0, 0.4);\n}\n#banner-1825856823 .banner-bg img {\n  object-position: 0% 41%;\n}\n@media (min-width:550px) {\n  #banner-1825856823 {\n    padding-top: 56.25%;\n  }\n}\n@media (min-width:850px) {\n  #banner-1825856823 {\n    padding-top: 100%;\n  }\n}\n<\/style>\n  <\/div>\n\n\n\n  <div class=\"banner has-hover is-full-height show-for-small\" id=\"banner-553824857\">\n          <div class=\"banner-inner fill\">\n        <div class=\"banner-bg fill\" >\n            <img loading=\"lazy\" decoding=\"async\" width=\"300\" height=\"200\" src=\"https:\/\/www.synkzone.com\/wp-content\/uploads\/2020\/05\/Svensk-lag-ga\u0308ller-fo\u0308r-datalagring-med-Synkzone-300x200.jpg\" class=\"bg attachment-medium size-medium\" alt=\"Svensk lag och molnlagring; lagarna i Sverige \u00e4r b\u00e4ttre f\u00f6r den personliga integriteten i Sverige \u00e4n i m\u00e5nga andra l\u00e4nder. H\u00e4r kan inte myndigheterna f\u00e5 tillg\u00e5ng till din data med st\u00f6d av lagen utan din vetskap. Synkzone \u00e4r en svensk molnlagringstj\u00e4nst och lyder under svensk lag.\" \/>                        <div class=\"overlay\"><\/div>            \n                    <\/div>\n\t\t\n        <div class=\"banner-layers container\">\n            <div class=\"fill banner-link\"><\/div>            \n\n   <div id=\"text-box-52152497\" class=\"text-box banner-layer x50 md-x50 lg-x50 y15 md-y30 lg-y30 res-text\">\n                                <div class=\"text-box-content text \">\n              \n              <div class=\"text-inner text-center\">\n                  \n\n\t<div id=\"gap-2064290266\" class=\"gap-element clearfix\" style=\"display:block; height:auto;\">\n\t\t\n<style>\n#gap-2064290266 {\n  padding-top: 30px;\n}\n<\/style>\n\t<\/div>\n\t\n\n<h2 class=\"uppercase\"><span style=\"color: #ffffff; font-size: 110%;\"><b>SWEDISH LEGISLATION<\/b><\/span><\/h2>\n\t<div id=\"gap-2131025290\" class=\"gap-element clearfix\" style=\"display:block; height:auto;\">\n\t\t\n<style>\n#gap-2131025290 {\n  padding-top: 10px;\n}\n<\/style>\n\t<\/div>\n\t\n\n<div class=\"is-divider divider clearfix\" style=\"max-width:100px;background-color:rgba(235, 171, 67, 0.65);\"><\/div>\n\n<h2><span style=\"font-size: 90%;\" data-text-color=\"success\">An important part of secure cloud storage<\/span><\/h2>\n\n              <\/div>\n           <\/div>\n                            \n<style>\n#text-box-52152497 {\n  width: 100%;\n}\n#text-box-52152497 .text-box-content {\n  font-size: 86%;\n}\n@media (min-width:550px) {\n  #text-box-52152497 {\n    width: 100%;\n  }\n  #text-box-52152497 .text-box-content {\n    font-size: 112%;\n  }\n}\n<\/style>\n    <\/div>\n \n\n        <\/div>\n      <\/div>\n\n            \n<style>\n#banner-553824857 {\n  padding-top: 85%;\n}\n#banner-553824857 .overlay {\n  background-color: rgba(0, 0, 0, 0.4);\n}\n#banner-553824857 .banner-bg img {\n  object-position: 56% 64%;\n}\n@media (min-width:550px) {\n  #banner-553824857 {\n    padding-top: 100%;\n  }\n}\n<\/style>\n  <\/div>\n\n\n\n","protected":false},"excerpt":{"rendered":"","protected":false},"author":9,"featured_media":5217,"parent":5192,"menu_order":0,"comment_status":"closed","ping_status":"closed","template":"page-blank.php","meta":{"footnotes":""},"class_list":["post-5216","page","type-page","status-publish","has-post-thumbnail","hentry"],"yoast_head":"<!-- This site is optimized with the Yoast SEO Premium plugin v27.3 (Yoast SEO v27.3) - https:\/\/yoast.com\/product\/yoast-seo-premium-wordpress\/ -->\n<title>Swedish legislation - Synkzone<\/title>\n<meta name=\"description\" content=\"Swedish law around cloud storage is better than in many other countries. Here, there is no CLOUD Act that gives authorities legal access to your data without your knowledge.\" \/>\n<meta name=\"robots\" content=\"index, follow, max-snippet:-1, max-image-preview:large, max-video-preview:-1\" \/>\n<link rel=\"canonical\" href=\"https:\/\/www.synkzone.com\/en\/the-offer\/swedish-legislation\/\" \/>\n<meta property=\"og:locale\" content=\"en_US\" \/>\n<meta property=\"og:type\" content=\"article\" \/>\n<meta property=\"og:title\" content=\"Swedish legislation\" \/>\n<meta property=\"og:description\" content=\"Swedish law around cloud storage is better than in many other countries. Here, there is no CLOUD Act that gives authorities legal access to your data without your knowledge.\" \/>\n<meta property=\"og:url\" content=\"https:\/\/www.synkzone.com\/en\/the-offer\/swedish-legislation\/\" \/>\n<meta property=\"og:site_name\" content=\"Synkzone\" \/>\n<meta property=\"article:modified_time\" content=\"2025-05-11T15:21:19+00:00\" \/>\n<meta property=\"og:image\" content=\"https:\/\/www.synkzone.com\/wp-content\/uploads\/2022\/03\/svensk-lag-molntjanst-1.webp\" \/>\n\t<meta property=\"og:image:width\" content=\"1740\" \/>\n\t<meta property=\"og:image:height\" content=\"1160\" \/>\n\t<meta property=\"og:image:type\" content=\"image\/webp\" \/>\n<meta name=\"twitter:card\" content=\"summary_large_image\" \/>\n<meta name=\"twitter:label1\" content=\"Est. reading time\" \/>\n\t<meta name=\"twitter:data1\" content=\"4 minutes\" \/>\n<script type=\"application\/ld+json\" class=\"yoast-schema-graph\">{\"@context\":\"https:\\\/\\\/schema.org\",\"@graph\":[{\"@type\":\"WebPage\",\"@id\":\"https:\\\/\\\/www.synkzone.com\\\/en\\\/the-offer\\\/swedish-legislation\\\/\",\"url\":\"https:\\\/\\\/www.synkzone.com\\\/en\\\/the-offer\\\/swedish-legislation\\\/\",\"name\":\"Swedish legislation - Synkzone\",\"isPartOf\":{\"@id\":\"https:\\\/\\\/www.synkzone.com\\\/#website\"},\"primaryImageOfPage\":{\"@id\":\"https:\\\/\\\/www.synkzone.com\\\/en\\\/the-offer\\\/swedish-legislation\\\/#primaryimage\"},\"image\":{\"@id\":\"https:\\\/\\\/www.synkzone.com\\\/en\\\/the-offer\\\/swedish-legislation\\\/#primaryimage\"},\"thumbnailUrl\":\"https:\\\/\\\/www.synkzone.com\\\/wp-content\\\/uploads\\\/2022\\\/03\\\/svensk-lag-molntjanst-1.webp\",\"datePublished\":\"2022-03-31T10:45:01+00:00\",\"dateModified\":\"2025-05-11T15:21:19+00:00\",\"description\":\"Swedish law around cloud storage is better than in many other countries. Here, there is no CLOUD Act that gives authorities legal access to your data without your knowledge.\",\"breadcrumb\":{\"@id\":\"https:\\\/\\\/www.synkzone.com\\\/en\\\/the-offer\\\/swedish-legislation\\\/#breadcrumb\"},\"inLanguage\":\"en-US\",\"potentialAction\":[{\"@type\":\"ReadAction\",\"target\":[\"https:\\\/\\\/www.synkzone.com\\\/en\\\/the-offer\\\/swedish-legislation\\\/\"]}]},{\"@type\":\"ImageObject\",\"inLanguage\":\"en-US\",\"@id\":\"https:\\\/\\\/www.synkzone.com\\\/en\\\/the-offer\\\/swedish-legislation\\\/#primaryimage\",\"url\":\"https:\\\/\\\/www.synkzone.com\\\/wp-content\\\/uploads\\\/2022\\\/03\\\/svensk-lag-molntjanst-1.webp\",\"contentUrl\":\"https:\\\/\\\/www.synkzone.com\\\/wp-content\\\/uploads\\\/2022\\\/03\\\/svensk-lag-molntjanst-1.webp\",\"width\":1740,\"height\":1160},{\"@type\":\"BreadcrumbList\",\"@id\":\"https:\\\/\\\/www.synkzone.com\\\/en\\\/the-offer\\\/swedish-legislation\\\/#breadcrumb\",\"itemListElement\":[{\"@type\":\"ListItem\",\"position\":1,\"name\":\"Hem\",\"item\":\"http:\\\/\\\/www.synkzone.com\\\/en\\\/\"},{\"@type\":\"ListItem\",\"position\":2,\"name\":\"The offer\",\"item\":\"https:\\\/\\\/www.synkzone.com\\\/en\\\/the-offer\\\/\"},{\"@type\":\"ListItem\",\"position\":3,\"name\":\"Swedish legislation\"}]},{\"@type\":\"WebSite\",\"@id\":\"https:\\\/\\\/www.synkzone.com\\\/#website\",\"url\":\"https:\\\/\\\/www.synkzone.com\\\/\",\"name\":\"Synkzone\",\"description\":\"Data Centric Security\",\"publisher\":{\"@id\":\"https:\\\/\\\/www.synkzone.com\\\/#organization\"},\"potentialAction\":[{\"@type\":\"SearchAction\",\"target\":{\"@type\":\"EntryPoint\",\"urlTemplate\":\"https:\\\/\\\/www.synkzone.com\\\/?s={search_term_string}\"},\"query-input\":{\"@type\":\"PropertyValueSpecification\",\"valueRequired\":true,\"valueName\":\"search_term_string\"}}],\"inLanguage\":\"en-US\"},{\"@type\":\"Organization\",\"@id\":\"https:\\\/\\\/www.synkzone.com\\\/#organization\",\"name\":\"Synkzone\",\"url\":\"https:\\\/\\\/www.synkzone.com\\\/\",\"logo\":{\"@type\":\"ImageObject\",\"inLanguage\":\"en-US\",\"@id\":\"https:\\\/\\\/www.synkzone.com\\\/#\\\/schema\\\/logo\\\/image\\\/\",\"url\":\"https:\\\/\\\/www.synkzone.com\\\/wp-content\\\/uploads\\\/2022\\\/07\\\/synkzone-logo.png\",\"contentUrl\":\"https:\\\/\\\/www.synkzone.com\\\/wp-content\\\/uploads\\\/2022\\\/07\\\/synkzone-logo.png\",\"width\":1200,\"height\":291,\"caption\":\"Synkzone\"},\"image\":{\"@id\":\"https:\\\/\\\/www.synkzone.com\\\/#\\\/schema\\\/logo\\\/image\\\/\"},\"sameAs\":[\"https:\\\/\\\/www.linkedin.com\\\/company\\\/synkzone\\\/\"]}]}<\/script>\n<!-- \/ Yoast SEO Premium plugin. -->","yoast_head_json":{"title":"Swedish legislation - Synkzone","description":"Swedish law around cloud storage is better than in many other countries. Here, there is no CLOUD Act that gives authorities legal access to your data without your knowledge.","robots":{"index":"index","follow":"follow","max-snippet":"max-snippet:-1","max-image-preview":"max-image-preview:large","max-video-preview":"max-video-preview:-1"},"canonical":"https:\/\/www.synkzone.com\/en\/the-offer\/swedish-legislation\/","og_locale":"en_US","og_type":"article","og_title":"Swedish legislation","og_description":"Swedish law around cloud storage is better than in many other countries. Here, there is no CLOUD Act that gives authorities legal access to your data without your knowledge.","og_url":"https:\/\/www.synkzone.com\/en\/the-offer\/swedish-legislation\/","og_site_name":"Synkzone","article_modified_time":"2025-05-11T15:21:19+00:00","og_image":[{"width":1740,"height":1160,"url":"https:\/\/www.synkzone.com\/wp-content\/uploads\/2022\/03\/svensk-lag-molntjanst-1.webp","type":"image\/webp"}],"twitter_card":"summary_large_image","twitter_misc":{"Est. reading time":"4 minutes"},"schema":{"@context":"https:\/\/schema.org","@graph":[{"@type":"WebPage","@id":"https:\/\/www.synkzone.com\/en\/the-offer\/swedish-legislation\/","url":"https:\/\/www.synkzone.com\/en\/the-offer\/swedish-legislation\/","name":"Swedish legislation - Synkzone","isPartOf":{"@id":"https:\/\/www.synkzone.com\/#website"},"primaryImageOfPage":{"@id":"https:\/\/www.synkzone.com\/en\/the-offer\/swedish-legislation\/#primaryimage"},"image":{"@id":"https:\/\/www.synkzone.com\/en\/the-offer\/swedish-legislation\/#primaryimage"},"thumbnailUrl":"https:\/\/www.synkzone.com\/wp-content\/uploads\/2022\/03\/svensk-lag-molntjanst-1.webp","datePublished":"2022-03-31T10:45:01+00:00","dateModified":"2025-05-11T15:21:19+00:00","description":"Swedish law around cloud storage is better than in many other countries. Here, there is no CLOUD Act that gives authorities legal access to your data without your knowledge.","breadcrumb":{"@id":"https:\/\/www.synkzone.com\/en\/the-offer\/swedish-legislation\/#breadcrumb"},"inLanguage":"en-US","potentialAction":[{"@type":"ReadAction","target":["https:\/\/www.synkzone.com\/en\/the-offer\/swedish-legislation\/"]}]},{"@type":"ImageObject","inLanguage":"en-US","@id":"https:\/\/www.synkzone.com\/en\/the-offer\/swedish-legislation\/#primaryimage","url":"https:\/\/www.synkzone.com\/wp-content\/uploads\/2022\/03\/svensk-lag-molntjanst-1.webp","contentUrl":"https:\/\/www.synkzone.com\/wp-content\/uploads\/2022\/03\/svensk-lag-molntjanst-1.webp","width":1740,"height":1160},{"@type":"BreadcrumbList","@id":"https:\/\/www.synkzone.com\/en\/the-offer\/swedish-legislation\/#breadcrumb","itemListElement":[{"@type":"ListItem","position":1,"name":"Hem","item":"http:\/\/www.synkzone.com\/en\/"},{"@type":"ListItem","position":2,"name":"The offer","item":"https:\/\/www.synkzone.com\/en\/the-offer\/"},{"@type":"ListItem","position":3,"name":"Swedish legislation"}]},{"@type":"WebSite","@id":"https:\/\/www.synkzone.com\/#website","url":"https:\/\/www.synkzone.com\/","name":"Synkzone","description":"Data Centric Security","publisher":{"@id":"https:\/\/www.synkzone.com\/#organization"},"potentialAction":[{"@type":"SearchAction","target":{"@type":"EntryPoint","urlTemplate":"https:\/\/www.synkzone.com\/?s={search_term_string}"},"query-input":{"@type":"PropertyValueSpecification","valueRequired":true,"valueName":"search_term_string"}}],"inLanguage":"en-US"},{"@type":"Organization","@id":"https:\/\/www.synkzone.com\/#organization","name":"Synkzone","url":"https:\/\/www.synkzone.com\/","logo":{"@type":"ImageObject","inLanguage":"en-US","@id":"https:\/\/www.synkzone.com\/#\/schema\/logo\/image\/","url":"https:\/\/www.synkzone.com\/wp-content\/uploads\/2022\/07\/synkzone-logo.png","contentUrl":"https:\/\/www.synkzone.com\/wp-content\/uploads\/2022\/07\/synkzone-logo.png","width":1200,"height":291,"caption":"Synkzone"},"image":{"@id":"https:\/\/www.synkzone.com\/#\/schema\/logo\/image\/"},"sameAs":["https:\/\/www.linkedin.com\/company\/synkzone\/"]}]}},"_links":{"self":[{"href":"https:\/\/www.synkzone.com\/en\/wp-json\/wp\/v2\/pages\/5216","targetHints":{"allow":["GET"]}}],"collection":[{"href":"https:\/\/www.synkzone.com\/en\/wp-json\/wp\/v2\/pages"}],"about":[{"href":"https:\/\/www.synkzone.com\/en\/wp-json\/wp\/v2\/types\/page"}],"author":[{"embeddable":true,"href":"https:\/\/www.synkzone.com\/en\/wp-json\/wp\/v2\/users\/9"}],"replies":[{"embeddable":true,"href":"https:\/\/www.synkzone.com\/en\/wp-json\/wp\/v2\/comments?post=5216"}],"version-history":[{"count":1,"href":"https:\/\/www.synkzone.com\/en\/wp-json\/wp\/v2\/pages\/5216\/revisions"}],"predecessor-version":[{"id":5218,"href":"https:\/\/www.synkzone.com\/en\/wp-json\/wp\/v2\/pages\/5216\/revisions\/5218"}],"up":[{"embeddable":true,"href":"https:\/\/www.synkzone.com\/en\/wp-json\/wp\/v2\/pages\/5192"}],"wp:featuredmedia":[{"embeddable":true,"href":"https:\/\/www.synkzone.com\/en\/wp-json\/wp\/v2\/media\/5217"}],"wp:attachment":[{"href":"https:\/\/www.synkzone.com\/en\/wp-json\/wp\/v2\/media?parent=5216"}],"curies":[{"name":"wp","href":"https:\/\/api.w.org\/{rel}","templated":true}]}}